{"id":96,"date":"2021-01-13T13:04:06","date_gmt":"2021-01-13T12:04:06","guid":{"rendered":"https:\/\/uprehrady.penzionyjamai.cz\/?page_id=96"},"modified":"2021-01-13T13:27:44","modified_gmt":"2021-01-13T12:27:44","slug":"rezervace","status":"publish","type":"page","link":"https:\/\/uprehrady.penzionyjamai.cz\/en\/rezervace\/","title":{"rendered":"Reservation"},"content":{"rendered":"<!-- Reservation PLUS start -->\n<div class=\"previo-reservation-form\">\n<script type=\"text\/javascript\" src=\"https:\/\/booking.previo.cz\/iframe\/\"><\/script>\n<iframe loading=\"lazy\" src=\"https:\/\/booking.previo.cz\/?hotId=753009\" scrolling=\"no\" frameborder=\"0\" width=\"100%\" height=\"2000\" name=\"previo-booking-iframe\" id=\"previo-booking-iframe\" allowtransparency=\"true\"><\/iframe>\n<\/div>\n<!-- Reservation PLUS end -->\n\n\n\n<p><\/p>","protected":false},"excerpt":{"rendered":"","protected":false},"author":1,"featured_media":106,"parent":0,"menu_order":0,"comment_status":"closed","ping_status":"closed","template":"","meta":{"inline_featured_image":false,"_uag_custom_page_level_css":"","footnotes":""},"class_list":["post-96","page","type-page","status-publish","has-post-thumbnail","hentry"],"yoast_head":"<!-- This site is optimized with the Yoast SEO plugin v27.3 - https:\/\/yoast.com\/product\/yoast-seo-wordpress\/ -->\n<title>Rezervace - Penzion U P\u0159ehrady<\/title>\n<meta name=\"robots\" content=\"index, follow, max-snippet:-1, max-image-preview:large, max-video-preview:-1\" \/>\n<link rel=\"canonical\" href=\"https:\/\/uprehrady.penzionyjamai.cz\/en\/rezervace\/\" \/>\n<meta property=\"og:locale\" content=\"en_GB\" \/>\n<meta property=\"og:type\" content=\"article\" \/>\n<meta property=\"og:title\" content=\"Rezervace - Penzion U P\u0159ehrady\" \/>\n<meta property=\"og:url\" content=\"https:\/\/uprehrady.penzionyjamai.cz\/en\/rezervace\/\" \/>\n<meta property=\"og:site_name\" content=\"Penzion U P\u0159ehrady\" \/>\n<meta property=\"article:publisher\" content=\"https:\/\/www.facebook.com\/penzionuprehrady\" \/>\n<meta property=\"article:modified_time\" content=\"2021-01-13T12:27:44+00:00\" \/>\n<meta property=\"og:image\" content=\"https:\/\/uprehrady.penzionyjamai.cz\/wp-content\/uploads\/2021\/01\/rezervace.jpg\" \/>\n\t<meta property=\"og:image:width\" content=\"1920\" \/>\n\t<meta property=\"og:image:height\" content=\"1280\" \/>\n\t<meta property=\"og:image:type\" content=\"image\/jpeg\" \/>\n<meta name=\"twitter:card\" content=\"summary_large_image\" \/>\n<script type=\"application\/ld+json\" class=\"yoast-schema-graph\">{\"@context\":\"https:\\\/\\\/schema.org\",\"@graph\":[{\"@type\":\"WebPage\",\"@id\":\"https:\\\/\\\/uprehrady.penzionyjamai.cz\\\/rezervace\\\/\",\"url\":\"https:\\\/\\\/uprehrady.penzionyjamai.cz\\\/rezervace\\\/\",\"name\":\"Rezervace - Penzion U P\u0159ehrady\",\"isPartOf\":{\"@id\":\"https:\\\/\\\/uprehrady.penzionyjamai.cz\\\/#website\"},\"primaryImageOfPage\":{\"@id\":\"https:\\\/\\\/uprehrady.penzionyjamai.cz\\\/rezervace\\\/#primaryimage\"},\"image\":{\"@id\":\"https:\\\/\\\/uprehrady.penzionyjamai.cz\\\/rezervace\\\/#primaryimage\"},\"thumbnailUrl\":\"https:\\\/\\\/uprehrady.penzionyjamai.cz\\\/wp-content\\\/uploads\\\/2021\\\/01\\\/rezervace.jpg\",\"datePublished\":\"2021-01-13T12:04:06+00:00\",\"dateModified\":\"2021-01-13T12:27:44+00:00\",\"breadcrumb\":{\"@id\":\"https:\\\/\\\/uprehrady.penzionyjamai.cz\\\/rezervace\\\/#breadcrumb\"},\"inLanguage\":\"en-GB\",\"potentialAction\":[{\"@type\":\"ReadAction\",\"target\":[\"https:\\\/\\\/uprehrady.penzionyjamai.cz\\\/rezervace\\\/\"]}]},{\"@type\":\"ImageObject\",\"inLanguage\":\"en-GB\",\"@id\":\"https:\\\/\\\/uprehrady.penzionyjamai.cz\\\/rezervace\\\/#primaryimage\",\"url\":\"https:\\\/\\\/uprehrady.penzionyjamai.cz\\\/wp-content\\\/uploads\\\/2021\\\/01\\\/rezervace.jpg\",\"contentUrl\":\"https:\\\/\\\/uprehrady.penzionyjamai.cz\\\/wp-content\\\/uploads\\\/2021\\\/01\\\/rezervace.jpg\",\"width\":1920,\"height\":1280},{\"@type\":\"BreadcrumbList\",\"@id\":\"https:\\\/\\\/uprehrady.penzionyjamai.cz\\\/rezervace\\\/#breadcrumb\",\"itemListElement\":[{\"@type\":\"ListItem\",\"position\":1,\"name\":\"Dom\u016f\",\"item\":\"https:\\\/\\\/uprehrady.penzionyjamai.cz\\\/\"},{\"@type\":\"ListItem\",\"position\":2,\"name\":\"Rezervace\"}]},{\"@type\":\"WebSite\",\"@id\":\"https:\\\/\\\/uprehrady.penzionyjamai.cz\\\/#website\",\"url\":\"https:\\\/\\\/uprehrady.penzionyjamai.cz\\\/\",\"name\":\"Penzion U P\u0159ehrady v Luha\u010dovic\u00edch\",\"description\":\"\",\"publisher\":{\"@id\":\"https:\\\/\\\/uprehrady.penzionyjamai.cz\\\/#organization\"},\"potentialAction\":[{\"@type\":\"SearchAction\",\"target\":{\"@type\":\"EntryPoint\",\"urlTemplate\":\"https:\\\/\\\/uprehrady.penzionyjamai.cz\\\/?s={search_term_string}\"},\"query-input\":{\"@type\":\"PropertyValueSpecification\",\"valueRequired\":true,\"valueName\":\"search_term_string\"}}],\"inLanguage\":\"en-GB\"},{\"@type\":\"Organization\",\"@id\":\"https:\\\/\\\/uprehrady.penzionyjamai.cz\\\/#organization\",\"name\":\"Penzion U P\u0159ehrady\",\"url\":\"https:\\\/\\\/uprehrady.penzionyjamai.cz\\\/\",\"logo\":{\"@type\":\"ImageObject\",\"inLanguage\":\"en-GB\",\"@id\":\"https:\\\/\\\/uprehrady.penzionyjamai.cz\\\/#\\\/schema\\\/logo\\\/image\\\/\",\"url\":\"https:\\\/\\\/uprehrady.penzionyjamai.cz\\\/wp-content\\\/uploads\\\/2025\\\/10\\\/penziony_u_prehrady_logo_nad_sebou.svg\",\"contentUrl\":\"https:\\\/\\\/uprehrady.penzionyjamai.cz\\\/wp-content\\\/uploads\\\/2025\\\/10\\\/penziony_u_prehrady_logo_nad_sebou.svg\",\"width\":\"1024\",\"height\":\"1024\",\"caption\":\"Penzion U P\u0159ehrady\"},\"image\":{\"@id\":\"https:\\\/\\\/uprehrady.penzionyjamai.cz\\\/#\\\/schema\\\/logo\\\/image\\\/\"},\"sameAs\":[\"https:\\\/\\\/www.facebook.com\\\/penzionuprehrady\",\"https:\\\/\\\/www.instagram.com\\\/penzion_u_prehrady\\\/\"]}]}<\/script>\n<!-- \/ Yoast SEO plugin. -->","yoast_head_json":{"title":"Rezervace - Penzion U P\u0159ehrady","robots":{"index":"index","follow":"follow","max-snippet":"max-snippet:-1","max-image-preview":"max-image-preview:large","max-video-preview":"max-video-preview:-1"},"canonical":"https:\/\/uprehrady.penzionyjamai.cz\/en\/rezervace\/","og_locale":"en_GB","og_type":"article","og_title":"Rezervace - Penzion U P\u0159ehrady","og_url":"https:\/\/uprehrady.penzionyjamai.cz\/en\/rezervace\/","og_site_name":"Penzion U P\u0159ehrady","article_publisher":"https:\/\/www.facebook.com\/penzionuprehrady","article_modified_time":"2021-01-13T12:27:44+00:00","og_image":[{"width":1920,"height":1280,"url":"https:\/\/uprehrady.penzionyjamai.cz\/wp-content\/uploads\/2021\/01\/rezervace.jpg","type":"image\/jpeg"}],"twitter_card":"summary_large_image","schema":{"@context":"https:\/\/schema.org","@graph":[{"@type":"WebPage","@id":"https:\/\/uprehrady.penzionyjamai.cz\/rezervace\/","url":"https:\/\/uprehrady.penzionyjamai.cz\/rezervace\/","name":"Rezervace - Penzion U P\u0159ehrady","isPartOf":{"@id":"https:\/\/uprehrady.penzionyjamai.cz\/#website"},"primaryImageOfPage":{"@id":"https:\/\/uprehrady.penzionyjamai.cz\/rezervace\/#primaryimage"},"image":{"@id":"https:\/\/uprehrady.penzionyjamai.cz\/rezervace\/#primaryimage"},"thumbnailUrl":"https:\/\/uprehrady.penzionyjamai.cz\/wp-content\/uploads\/2021\/01\/rezervace.jpg","datePublished":"2021-01-13T12:04:06+00:00","dateModified":"2021-01-13T12:27:44+00:00","breadcrumb":{"@id":"https:\/\/uprehrady.penzionyjamai.cz\/rezervace\/#breadcrumb"},"inLanguage":"en-GB","potentialAction":[{"@type":"ReadAction","target":["https:\/\/uprehrady.penzionyjamai.cz\/rezervace\/"]}]},{"@type":"ImageObject","inLanguage":"en-GB","@id":"https:\/\/uprehrady.penzionyjamai.cz\/rezervace\/#primaryimage","url":"https:\/\/uprehrady.penzionyjamai.cz\/wp-content\/uploads\/2021\/01\/rezervace.jpg","contentUrl":"https:\/\/uprehrady.penzionyjamai.cz\/wp-content\/uploads\/2021\/01\/rezervace.jpg","width":1920,"height":1280},{"@type":"BreadcrumbList","@id":"https:\/\/uprehrady.penzionyjamai.cz\/rezervace\/#breadcrumb","itemListElement":[{"@type":"ListItem","position":1,"name":"Dom\u016f","item":"https:\/\/uprehrady.penzionyjamai.cz\/"},{"@type":"ListItem","position":2,"name":"Rezervace"}]},{"@type":"WebSite","@id":"https:\/\/uprehrady.penzionyjamai.cz\/#website","url":"https:\/\/uprehrady.penzionyjamai.cz\/","name":"Penzion U P\u0159ehrady v Luha\u010dovic\u00edch","description":"","publisher":{"@id":"https:\/\/uprehrady.penzionyjamai.cz\/#organization"},"potentialAction":[{"@type":"SearchAction","target":{"@type":"EntryPoint","urlTemplate":"https:\/\/uprehrady.penzionyjamai.cz\/?s={search_term_string}"},"query-input":{"@type":"PropertyValueSpecification","valueRequired":true,"valueName":"search_term_string"}}],"inLanguage":"en-GB"},{"@type":"Organization","@id":"https:\/\/uprehrady.penzionyjamai.cz\/#organization","name":"Penzion U P\u0159ehrady","url":"https:\/\/uprehrady.penzionyjamai.cz\/","logo":{"@type":"ImageObject","inLanguage":"en-GB","@id":"https:\/\/uprehrady.penzionyjamai.cz\/#\/schema\/logo\/image\/","url":"https:\/\/uprehrady.penzionyjamai.cz\/wp-content\/uploads\/2025\/10\/penziony_u_prehrady_logo_nad_sebou.svg","contentUrl":"https:\/\/uprehrady.penzionyjamai.cz\/wp-content\/uploads\/2025\/10\/penziony_u_prehrady_logo_nad_sebou.svg","width":"1024","height":"1024","caption":"Penzion U P\u0159ehrady"},"image":{"@id":"https:\/\/uprehrady.penzionyjamai.cz\/#\/schema\/logo\/image\/"},"sameAs":["https:\/\/www.facebook.com\/penzionuprehrady","https:\/\/www.instagram.com\/penzion_u_prehrady\/"]}]}},"uagb_featured_image_src":{"full":["https:\/\/uprehrady.penzionyjamai.cz\/wp-content\/uploads\/2021\/01\/rezervace.jpg",1920,1280,false],"thumbnail":["https:\/\/uprehrady.penzionyjamai.cz\/wp-content\/uploads\/2021\/01\/rezervace-150x150.jpg",150,150,true],"medium":["https:\/\/uprehrady.penzionyjamai.cz\/wp-content\/uploads\/2021\/01\/rezervace-300x200.jpg",300,200,true],"medium_large":["https:\/\/uprehrady.penzionyjamai.cz\/wp-content\/uploads\/2021\/01\/rezervace-768x512.jpg",768,512,true],"large":["https:\/\/uprehrady.penzionyjamai.cz\/wp-content\/uploads\/2021\/01\/rezervace-1024x683.jpg",1024,683,true],"1536x1536":["https:\/\/uprehrady.penzionyjamai.cz\/wp-content\/uploads\/2021\/01\/rezervace-1536x1024.jpg",1536,1024,true],"2048x2048":["https:\/\/uprehrady.penzionyjamai.cz\/wp-content\/uploads\/2021\/01\/rezervace.jpg",1920,1280,false],"trp-custom-language-flag":["https:\/\/uprehrady.penzionyjamai.cz\/wp-content\/uploads\/2021\/01\/rezervace.jpg",18,12,false]},"uagb_author_info":{"display_name":"admin","author_link":"https:\/\/uprehrady.penzionyjamai.cz\/en\/author\/admin\/"},"uagb_comment_info":0,"uagb_excerpt":null,"_links":{"self":[{"href":"https:\/\/uprehrady.penzionyjamai.cz\/en\/wp-json\/wp\/v2\/pages\/96","targetHints":{"allow":["GET"]}}],"collection":[{"href":"https:\/\/uprehrady.penzionyjamai.cz\/en\/wp-json\/wp\/v2\/pages"}],"about":[{"href":"https:\/\/uprehrady.penzionyjamai.cz\/en\/wp-json\/wp\/v2\/types\/page"}],"author":[{"embeddable":true,"href":"https:\/\/uprehrady.penzionyjamai.cz\/en\/wp-json\/wp\/v2\/users\/1"}],"replies":[{"embeddable":true,"href":"https:\/\/uprehrady.penzionyjamai.cz\/en\/wp-json\/wp\/v2\/comments?post=96"}],"version-history":[{"count":2,"href":"https:\/\/uprehrady.penzionyjamai.cz\/en\/wp-json\/wp\/v2\/pages\/96\/revisions"}],"predecessor-version":[{"id":105,"href":"https:\/\/uprehrady.penzionyjamai.cz\/en\/wp-json\/wp\/v2\/pages\/96\/revisions\/105"}],"wp:featuredmedia":[{"embeddable":true,"href":"https:\/\/uprehrady.penzionyjamai.cz\/en\/wp-json\/wp\/v2\/media\/106"}],"wp:attachment":[{"href":"https:\/\/uprehrady.penzionyjamai.cz\/en\/wp-json\/wp\/v2\/media?parent=96"}],"curies":[{"name":"wp","href":"https:\/\/api.w.org\/{rel}","templated":true}]}}