{"id":93,"date":"2021-01-13T12:59:24","date_gmt":"2021-01-13T11:59:24","guid":{"rendered":"https:\/\/uprehrady.penzionyjamai.cz\/?page_id=93"},"modified":"2026-01-28T13:27:26","modified_gmt":"2026-01-28T12:27:26","slug":"kontakty","status":"publish","type":"page","link":"https:\/\/uprehrady.penzionyjamai.cz\/en\/kontakty\/","title":{"rendered":"Contact"},"content":{"rendered":"<div class=\"wp-block-uagb-container uagb-block-5238f828 alignfull uagb-is-root-container\"><div class=\"uagb-container-inner-blocks-wrap\">\n<div data-aos= \"fade-up\" data-aos-duration=\"400\" data-aos-delay=\"0\" data-aos-easing=\"ease\" data-aos-once=\"true\" class=\"wp-block-uagb-container uagb-block-b6eefcfc\">\n<div class=\"wp-block-uagb-advanced-heading uagb-block-0357b0ba\"><h2 class=\"uagb-heading-text\">Penzion U P\u0159ehrady<\/h2><\/div>\n\n\n\n<p>Pozlovice ev. no. 64<br>763 26 Pozlovice<br>Tel.:\u00a0<a href=\"tel:+420 724 462 734\">+420 724 462 734<\/a><br>(8:00 &#8211; 18:00 hod.)<br><br>Massages: <a href=\"tel:420732152123\">+420 732 152 123<\/a><br>E-mail:\u00a0<a href=\"mailto:penziony@jamai.cafe\">penziony@jamai.cafe<\/a><br>Website:\u00a0<a href=\"https:\/\/uprehrady.penzionyjamai.cz\/en\/\">uprehrady.penzionyjamai.cz<\/a><\/p>\n\n\n\n<div class=\"wp-block-uagb-advanced-heading uagb-block-9b2dd875\"><h2 class=\"uagb-heading-text\">Company headquarters<\/h2><\/div>\n\n\n\n<p><strong>JAMAI CAFE s.r.o.<\/strong><br>Vl\u010dnovsk\u00e1 2344<br>688 01 Uhersk\u00fd Brod<br>ID: 03570819<\/p>\n<\/div>\n\n\n\n<div data-aos= \"fade-up\" data-aos-duration=\"400\" data-aos-delay=\"0\" data-aos-easing=\"ease\" data-aos-once=\"true\" class=\"wp-block-uagb-container uagb-block-e3367059\">\n<div class=\"wp-block-uagb-advanced-heading uagb-block-c733673a\"><h2 class=\"uagb-heading-text\">How to reach us?<\/h2><\/div>\n\n\n\n<div data-aos= \"fade-up\" data-aos-duration=\"400\" data-aos-delay=\"0\" data-aos-easing=\"ease\" data-aos-once=\"true\" class=\"wp-block-uagb-container uagb-block-d25bd385 alignfull uagb-is-root-container\"><div class=\"uagb-container-inner-blocks-wrap\">\n<div class=\"wp-block-uagb-image uagb-block-ca07164f wp-block-uagb-image--layout-default wp-block-uagb-image--effect-static wp-block-uagb-image--align-none\"><figure class=\"wp-block-uagb-image__figure\"><a class=\"foobox\" href=\"https:\/\/uprehrady.penzionyjamai.cz\/wp-content\/uploads\/2022\/01\/Jak_se_dostat_na_penzion.jpg\" target=\"\" rel=\"noopener\"><img decoding=\"async\" srcset=\"https:\/\/uprehrady.penzionyjamai.cz\/wp-content\/uploads\/2022\/01\/Jak_se_dostat_na_penzion.jpg ,https:\/\/uprehrady.penzionyjamai.cz\/wp-content\/uploads\/2022\/01\/Jak_se_dostat_na_penzion.jpg 780w, https:\/\/uprehrady.penzionyjamai.cz\/wp-content\/uploads\/2022\/01\/Jak_se_dostat_na_penzion.jpg 360w\" sizes=\"auto, (max-width: 480px) 150px\" src=\"https:\/\/uprehrady.penzionyjamai.cz\/wp-content\/uploads\/2022\/01\/Jak_se_dostat_na_penzion.jpg\" alt=\"\" class=\"uag-image-740\" width=\"1017\" height=\"701\" title=\"\" loading=\"lazy\" role=\"img\"\/><\/a><\/figure><\/div>\n<\/div><\/div>\n<\/div>\n<\/div><\/div>","protected":false},"excerpt":{"rendered":"<p>Penzion U P\u0159ehrady Pozlovice ev. \u010d. 64763 26 PozloviceTel.:\u00a0+420 724 462 734(8:00 &#8211; 18:00 hod.) Mas\u00e1\u017ee: +420 732 152 123E-mail:\u00a0penziony@jamai.cafeWeb:\u00a0uprehrady.penzionyjamai.cz S\u00eddlo spole\u010dnosti JAMAI CAFE s.r.o.Vl\u010dnovsk\u00e1 2344688 01 Uhersk\u00fd BrodI\u010c: 03570819 Jak se k n\u00e1m dostanete?<\/p>","protected":false},"author":1,"featured_media":397,"parent":0,"menu_order":0,"comment_status":"closed","ping_status":"closed","template":"","meta":{"inline_featured_image":false,"_uag_custom_page_level_css":"","footnotes":""},"class_list":["post-93","page","type-page","status-publish","has-post-thumbnail","hentry"],"yoast_head":"<!-- This site is optimized with the Yoast SEO plugin v27.3 - https:\/\/yoast.com\/product\/yoast-seo-wordpress\/ -->\n<title>Kontakty - Penzion U P\u0159ehrady<\/title>\n<meta name=\"robots\" content=\"index, follow, max-snippet:-1, max-image-preview:large, max-video-preview:-1\" \/>\n<link rel=\"canonical\" href=\"https:\/\/uprehrady.penzionyjamai.cz\/en\/kontakty\/\" \/>\n<meta property=\"og:locale\" content=\"en_GB\" \/>\n<meta property=\"og:type\" content=\"article\" \/>\n<meta property=\"og:title\" content=\"Kontakty - Penzion U P\u0159ehrady\" \/>\n<meta property=\"og:description\" content=\"Penzion U P\u0159ehrady Pozlovice ev. \u010d. 64763 26 PozloviceTel.:\u00a0+420 724 462 734(8:00 &#8211; 18:00 hod.) Mas\u00e1\u017ee: +420 732 152 123E-mail:\u00a0penziony@jamai.cafeWeb:\u00a0uprehrady.penzionyjamai.cz S\u00eddlo spole\u010dnosti JAMAI CAFE s.r.o.Vl\u010dnovsk\u00e1 2344688 01 Uhersk\u00fd BrodI\u010c: 03570819 Jak se k n\u00e1m dostanete?\" \/>\n<meta property=\"og:url\" content=\"https:\/\/uprehrady.penzionyjamai.cz\/en\/kontakty\/\" \/>\n<meta property=\"og:site_name\" content=\"Penzion U P\u0159ehrady\" \/>\n<meta property=\"article:publisher\" content=\"https:\/\/www.facebook.com\/penzionuprehrady\" \/>\n<meta property=\"article:modified_time\" content=\"2026-01-28T12:27:26+00:00\" \/>\n<meta property=\"og:image\" content=\"https:\/\/uprehrady.penzionyjamai.cz\/wp-content\/uploads\/2021\/05\/kontakt.jpg\" \/>\n\t<meta property=\"og:image:width\" content=\"1920\" \/>\n\t<meta property=\"og:image:height\" content=\"1357\" \/>\n\t<meta property=\"og:image:type\" content=\"image\/jpeg\" \/>\n<meta name=\"twitter:card\" content=\"summary_large_image\" \/>\n<meta name=\"twitter:label1\" content=\"Estimated reading time\" \/>\n\t<meta name=\"twitter:data1\" content=\"1 minute\" \/>\n<script type=\"application\/ld+json\" class=\"yoast-schema-graph\">{\"@context\":\"https:\\\/\\\/schema.org\",\"@graph\":[{\"@type\":\"WebPage\",\"@id\":\"https:\\\/\\\/uprehrady.penzionyjamai.cz\\\/kontakty\\\/\",\"url\":\"https:\\\/\\\/uprehrady.penzionyjamai.cz\\\/kontakty\\\/\",\"name\":\"Kontakty - Penzion U P\u0159ehrady\",\"isPartOf\":{\"@id\":\"https:\\\/\\\/uprehrady.penzionyjamai.cz\\\/#website\"},\"primaryImageOfPage\":{\"@id\":\"https:\\\/\\\/uprehrady.penzionyjamai.cz\\\/kontakty\\\/#primaryimage\"},\"image\":{\"@id\":\"https:\\\/\\\/uprehrady.penzionyjamai.cz\\\/kontakty\\\/#primaryimage\"},\"thumbnailUrl\":\"https:\\\/\\\/uprehrady.penzionyjamai.cz\\\/wp-content\\\/uploads\\\/2021\\\/05\\\/kontakt.jpg\",\"datePublished\":\"2021-01-13T11:59:24+00:00\",\"dateModified\":\"2026-01-28T12:27:26+00:00\",\"breadcrumb\":{\"@id\":\"https:\\\/\\\/uprehrady.penzionyjamai.cz\\\/kontakty\\\/#breadcrumb\"},\"inLanguage\":\"en-GB\",\"potentialAction\":[{\"@type\":\"ReadAction\",\"target\":[\"https:\\\/\\\/uprehrady.penzionyjamai.cz\\\/kontakty\\\/\"]}]},{\"@type\":\"ImageObject\",\"inLanguage\":\"en-GB\",\"@id\":\"https:\\\/\\\/uprehrady.penzionyjamai.cz\\\/kontakty\\\/#primaryimage\",\"url\":\"https:\\\/\\\/uprehrady.penzionyjamai.cz\\\/wp-content\\\/uploads\\\/2021\\\/05\\\/kontakt.jpg\",\"contentUrl\":\"https:\\\/\\\/uprehrady.penzionyjamai.cz\\\/wp-content\\\/uploads\\\/2021\\\/05\\\/kontakt.jpg\",\"width\":1920,\"height\":1357},{\"@type\":\"BreadcrumbList\",\"@id\":\"https:\\\/\\\/uprehrady.penzionyjamai.cz\\\/kontakty\\\/#breadcrumb\",\"itemListElement\":[{\"@type\":\"ListItem\",\"position\":1,\"name\":\"Dom\u016f\",\"item\":\"https:\\\/\\\/uprehrady.penzionyjamai.cz\\\/\"},{\"@type\":\"ListItem\",\"position\":2,\"name\":\"Kontakty\"}]},{\"@type\":\"WebSite\",\"@id\":\"https:\\\/\\\/uprehrady.penzionyjamai.cz\\\/#website\",\"url\":\"https:\\\/\\\/uprehrady.penzionyjamai.cz\\\/\",\"name\":\"Penzion U P\u0159ehrady v Luha\u010dovic\u00edch\",\"description\":\"\",\"publisher\":{\"@id\":\"https:\\\/\\\/uprehrady.penzionyjamai.cz\\\/#organization\"},\"potentialAction\":[{\"@type\":\"SearchAction\",\"target\":{\"@type\":\"EntryPoint\",\"urlTemplate\":\"https:\\\/\\\/uprehrady.penzionyjamai.cz\\\/?s={search_term_string}\"},\"query-input\":{\"@type\":\"PropertyValueSpecification\",\"valueRequired\":true,\"valueName\":\"search_term_string\"}}],\"inLanguage\":\"en-GB\"},{\"@type\":\"Organization\",\"@id\":\"https:\\\/\\\/uprehrady.penzionyjamai.cz\\\/#organization\",\"name\":\"Penzion U P\u0159ehrady\",\"url\":\"https:\\\/\\\/uprehrady.penzionyjamai.cz\\\/\",\"logo\":{\"@type\":\"ImageObject\",\"inLanguage\":\"en-GB\",\"@id\":\"https:\\\/\\\/uprehrady.penzionyjamai.cz\\\/#\\\/schema\\\/logo\\\/image\\\/\",\"url\":\"https:\\\/\\\/uprehrady.penzionyjamai.cz\\\/wp-content\\\/uploads\\\/2025\\\/10\\\/penziony_u_prehrady_logo_nad_sebou.svg\",\"contentUrl\":\"https:\\\/\\\/uprehrady.penzionyjamai.cz\\\/wp-content\\\/uploads\\\/2025\\\/10\\\/penziony_u_prehrady_logo_nad_sebou.svg\",\"width\":\"1024\",\"height\":\"1024\",\"caption\":\"Penzion U P\u0159ehrady\"},\"image\":{\"@id\":\"https:\\\/\\\/uprehrady.penzionyjamai.cz\\\/#\\\/schema\\\/logo\\\/image\\\/\"},\"sameAs\":[\"https:\\\/\\\/www.facebook.com\\\/penzionuprehrady\",\"https:\\\/\\\/www.instagram.com\\\/penzion_u_prehrady\\\/\"]}]}<\/script>\n<!-- \/ Yoast SEO plugin. -->","yoast_head_json":{"title":"Kontakty - Penzion U P\u0159ehrady","robots":{"index":"index","follow":"follow","max-snippet":"max-snippet:-1","max-image-preview":"max-image-preview:large","max-video-preview":"max-video-preview:-1"},"canonical":"https:\/\/uprehrady.penzionyjamai.cz\/en\/kontakty\/","og_locale":"en_GB","og_type":"article","og_title":"Kontakty - Penzion U P\u0159ehrady","og_description":"Penzion U P\u0159ehrady Pozlovice ev. \u010d. 64763 26 PozloviceTel.:\u00a0+420 724 462 734(8:00 &#8211; 18:00 hod.) Mas\u00e1\u017ee: +420 732 152 123E-mail:\u00a0penziony@jamai.cafeWeb:\u00a0uprehrady.penzionyjamai.cz S\u00eddlo spole\u010dnosti JAMAI CAFE s.r.o.Vl\u010dnovsk\u00e1 2344688 01 Uhersk\u00fd BrodI\u010c: 03570819 Jak se k n\u00e1m dostanete?","og_url":"https:\/\/uprehrady.penzionyjamai.cz\/en\/kontakty\/","og_site_name":"Penzion U P\u0159ehrady","article_publisher":"https:\/\/www.facebook.com\/penzionuprehrady","article_modified_time":"2026-01-28T12:27:26+00:00","og_image":[{"width":1920,"height":1357,"url":"https:\/\/uprehrady.penzionyjamai.cz\/wp-content\/uploads\/2021\/05\/kontakt.jpg","type":"image\/jpeg"}],"twitter_card":"summary_large_image","twitter_misc":{"Estimated reading time":"1 minute"},"schema":{"@context":"https:\/\/schema.org","@graph":[{"@type":"WebPage","@id":"https:\/\/uprehrady.penzionyjamai.cz\/kontakty\/","url":"https:\/\/uprehrady.penzionyjamai.cz\/kontakty\/","name":"Kontakty - Penzion U P\u0159ehrady","isPartOf":{"@id":"https:\/\/uprehrady.penzionyjamai.cz\/#website"},"primaryImageOfPage":{"@id":"https:\/\/uprehrady.penzionyjamai.cz\/kontakty\/#primaryimage"},"image":{"@id":"https:\/\/uprehrady.penzionyjamai.cz\/kontakty\/#primaryimage"},"thumbnailUrl":"https:\/\/uprehrady.penzionyjamai.cz\/wp-content\/uploads\/2021\/05\/kontakt.jpg","datePublished":"2021-01-13T11:59:24+00:00","dateModified":"2026-01-28T12:27:26+00:00","breadcrumb":{"@id":"https:\/\/uprehrady.penzionyjamai.cz\/kontakty\/#breadcrumb"},"inLanguage":"en-GB","potentialAction":[{"@type":"ReadAction","target":["https:\/\/uprehrady.penzionyjamai.cz\/kontakty\/"]}]},{"@type":"ImageObject","inLanguage":"en-GB","@id":"https:\/\/uprehrady.penzionyjamai.cz\/kontakty\/#primaryimage","url":"https:\/\/uprehrady.penzionyjamai.cz\/wp-content\/uploads\/2021\/05\/kontakt.jpg","contentUrl":"https:\/\/uprehrady.penzionyjamai.cz\/wp-content\/uploads\/2021\/05\/kontakt.jpg","width":1920,"height":1357},{"@type":"BreadcrumbList","@id":"https:\/\/uprehrady.penzionyjamai.cz\/kontakty\/#breadcrumb","itemListElement":[{"@type":"ListItem","position":1,"name":"Dom\u016f","item":"https:\/\/uprehrady.penzionyjamai.cz\/"},{"@type":"ListItem","position":2,"name":"Kontakty"}]},{"@type":"WebSite","@id":"https:\/\/uprehrady.penzionyjamai.cz\/#website","url":"https:\/\/uprehrady.penzionyjamai.cz\/","name":"Penzion U P\u0159ehrady v Luha\u010dovic\u00edch","description":"","publisher":{"@id":"https:\/\/uprehrady.penzionyjamai.cz\/#organization"},"potentialAction":[{"@type":"SearchAction","target":{"@type":"EntryPoint","urlTemplate":"https:\/\/uprehrady.penzionyjamai.cz\/?s={search_term_string}"},"query-input":{"@type":"PropertyValueSpecification","valueRequired":true,"valueName":"search_term_string"}}],"inLanguage":"en-GB"},{"@type":"Organization","@id":"https:\/\/uprehrady.penzionyjamai.cz\/#organization","name":"Penzion U P\u0159ehrady","url":"https:\/\/uprehrady.penzionyjamai.cz\/","logo":{"@type":"ImageObject","inLanguage":"en-GB","@id":"https:\/\/uprehrady.penzionyjamai.cz\/#\/schema\/logo\/image\/","url":"https:\/\/uprehrady.penzionyjamai.cz\/wp-content\/uploads\/2025\/10\/penziony_u_prehrady_logo_nad_sebou.svg","contentUrl":"https:\/\/uprehrady.penzionyjamai.cz\/wp-content\/uploads\/2025\/10\/penziony_u_prehrady_logo_nad_sebou.svg","width":"1024","height":"1024","caption":"Penzion U P\u0159ehrady"},"image":{"@id":"https:\/\/uprehrady.penzionyjamai.cz\/#\/schema\/logo\/image\/"},"sameAs":["https:\/\/www.facebook.com\/penzionuprehrady","https:\/\/www.instagram.com\/penzion_u_prehrady\/"]}]}},"uagb_featured_image_src":{"full":["https:\/\/uprehrady.penzionyjamai.cz\/wp-content\/uploads\/2021\/05\/kontakt.jpg",1920,1357,false],"thumbnail":["https:\/\/uprehrady.penzionyjamai.cz\/wp-content\/uploads\/2021\/05\/kontakt-150x150.jpg",150,150,true],"medium":["https:\/\/uprehrady.penzionyjamai.cz\/wp-content\/uploads\/2021\/05\/kontakt-300x212.jpg",300,212,true],"medium_large":["https:\/\/uprehrady.penzionyjamai.cz\/wp-content\/uploads\/2021\/05\/kontakt-768x543.jpg",768,543,true],"large":["https:\/\/uprehrady.penzionyjamai.cz\/wp-content\/uploads\/2021\/05\/kontakt-1024x724.jpg",1024,724,true],"1536x1536":["https:\/\/uprehrady.penzionyjamai.cz\/wp-content\/uploads\/2021\/05\/kontakt-1536x1086.jpg",1536,1086,true],"2048x2048":["https:\/\/uprehrady.penzionyjamai.cz\/wp-content\/uploads\/2021\/05\/kontakt.jpg",1920,1357,false],"trp-custom-language-flag":["https:\/\/uprehrady.penzionyjamai.cz\/wp-content\/uploads\/2021\/05\/kontakt.jpg",18,12,false]},"uagb_author_info":{"display_name":"admin","author_link":"https:\/\/uprehrady.penzionyjamai.cz\/en\/author\/admin\/"},"uagb_comment_info":0,"uagb_excerpt":"Penzion U P\u0159ehrady Pozlovice ev. \u010d. 64763 26 PozloviceTel.:\u00a0+420 724 462 734(8:00 &#8211; 18:00 hod.) Mas\u00e1\u017ee: +420 732 152 123E-mail:\u00a0penziony@jamai.cafeWeb:\u00a0uprehrady.penzionyjamai.cz S\u00eddlo spole\u010dnosti JAMAI CAFE s.r.o.Vl\u010dnovsk\u00e1 2344688 01 Uhersk\u00fd BrodI\u010c: 03570819 Jak se k n\u00e1m dostanete?","_links":{"self":[{"href":"https:\/\/uprehrady.penzionyjamai.cz\/en\/wp-json\/wp\/v2\/pages\/93","targetHints":{"allow":["GET"]}}],"collection":[{"href":"https:\/\/uprehrady.penzionyjamai.cz\/en\/wp-json\/wp\/v2\/pages"}],"about":[{"href":"https:\/\/uprehrady.penzionyjamai.cz\/en\/wp-json\/wp\/v2\/types\/page"}],"author":[{"embeddable":true,"href":"https:\/\/uprehrady.penzionyjamai.cz\/en\/wp-json\/wp\/v2\/users\/1"}],"replies":[{"embeddable":true,"href":"https:\/\/uprehrady.penzionyjamai.cz\/en\/wp-json\/wp\/v2\/comments?post=93"}],"version-history":[{"count":37,"href":"https:\/\/uprehrady.penzionyjamai.cz\/en\/wp-json\/wp\/v2\/pages\/93\/revisions"}],"predecessor-version":[{"id":1501,"href":"https:\/\/uprehrady.penzionyjamai.cz\/en\/wp-json\/wp\/v2\/pages\/93\/revisions\/1501"}],"wp:featuredmedia":[{"embeddable":true,"href":"https:\/\/uprehrady.penzionyjamai.cz\/en\/wp-json\/wp\/v2\/media\/397"}],"wp:attachment":[{"href":"https:\/\/uprehrady.penzionyjamai.cz\/en\/wp-json\/wp\/v2\/media?parent=93"}],"curies":[{"name":"wp","href":"https:\/\/api.w.org\/{rel}","templated":true}]}}