{"id":1439,"date":"2025-03-13T14:40:36","date_gmt":"2025-03-13T13:40:36","guid":{"rendered":"https:\/\/uprehrady.penzionyjamai.cz\/?page_id=1439"},"modified":"2025-03-18T14:40:03","modified_gmt":"2025-03-18T13:40:03","slug":"akce-v-okoli-seznam","status":"publish","type":"page","link":"https:\/\/uprehrady.penzionyjamai.cz\/en\/akce-v-okoli-seznam\/","title":{"rendered":"Akce v okol\u00ed"},"content":{"rendered":"<div class=\"wp-block-query is-layout-flow wp-block-query-is-layout-flow\"><ul class=\"columns-1 wp-block-post-template is-layout-grid wp-container-core-post-template-is-layout-f9ac393c wp-block-post-template-is-layout-grid\"><li class=\"wp-block-post post-1443 events-around type-events-around status-publish has-post-thumbnail hentry\">\n\n<div class=\"wp-block-group\" style=\"padding-top:30px;padding-right:30px;padding-bottom:30px;padding-left:30px\"><div class=\"wp-block-group__inner-container is-layout-flow wp-block-group-is-layout-flow\"><h2 class=\"wp-block-post-title\"><a href=\"https:\/\/uprehrady.penzionyjamai.cz\/en\/akce-v-okoli\/luhacovice\/\" target=\"_self\" >Luha\u010dovice<\/a><\/h2>\n\n<div class=\"wp-block-post-excerpt\"><p class=\"wp-block-post-excerpt__excerpt\">Luha\u010dovice \u017eij\u00ed po cel\u00fd rok pestr\u00fdm kulturn\u00edm a spole\u010densk\u00fdm d\u011bn\u00edm. Krom\u011b velk\u00fdch akc\u00ed, jako je Velikono\u010dn\u00ed jarmark nebo Otev\u00edr\u00e1n\u00ed pramen\u016f, se m\u016f\u017eete t\u011b\u0161it t\u0159eba na tradi\u010dn\u00ed folklorn\u00ed slavnosti, hudebn\u00ed a divadeln\u00ed festivaly, gastronomick\u00e9 akce, spotrovn\u00ed ud\u00e1losti&hellip;<\/p><p class=\"wp-block-post-excerpt__more-text\"><a class=\"wp-block-post-excerpt__more-link\" href=\"https:\/\/uprehrady.penzionyjamai.cz\/en\/akce-v-okoli\/luhacovice\/\">\u010c\u00edst v\u00edce<\/a><\/p><\/div><\/div><\/div>\n\n<\/li><\/ul><\/div>","protected":false},"excerpt":{"rendered":"","protected":false},"author":1,"featured_media":896,"parent":0,"menu_order":0,"comment_status":"closed","ping_status":"closed","template":"","meta":{"inline_featured_image":false,"_uag_custom_page_level_css":"","footnotes":""},"class_list":["post-1439","page","type-page","status-publish","has-post-thumbnail","hentry"],"yoast_head":"<!-- This site is optimized with the Yoast SEO plugin v27.3 - https:\/\/yoast.com\/product\/yoast-seo-wordpress\/ -->\n<title>Akce v okol\u00ed - Penzion U P\u0159ehrady<\/title>\n<meta name=\"robots\" content=\"index, follow, max-snippet:-1, max-image-preview:large, max-video-preview:-1\" \/>\n<link rel=\"canonical\" href=\"https:\/\/uprehrady.penzionyjamai.cz\/en\/akce-v-okoli-seznam\/\" \/>\n<meta property=\"og:locale\" content=\"en_GB\" \/>\n<meta property=\"og:type\" content=\"article\" \/>\n<meta property=\"og:title\" content=\"Akce v okol\u00ed - Penzion U P\u0159ehrady\" \/>\n<meta property=\"og:url\" content=\"https:\/\/uprehrady.penzionyjamai.cz\/en\/akce-v-okoli-seznam\/\" \/>\n<meta property=\"og:site_name\" content=\"Penzion U P\u0159ehrady\" \/>\n<meta property=\"article:publisher\" content=\"https:\/\/www.facebook.com\/penzionuprehrady\" \/>\n<meta property=\"article:modified_time\" content=\"2025-03-18T13:40:03+00:00\" \/>\n<meta property=\"og:image\" content=\"https:\/\/uprehrady.penzionyjamai.cz\/wp-content\/uploads\/2022\/11\/221018_ZL_bannery_ObjevteLuhacovice.png\" \/>\n\t<meta property=\"og:image:width\" content=\"800\" \/>\n\t<meta property=\"og:image:height\" content=\"300\" \/>\n\t<meta property=\"og:image:type\" content=\"image\/png\" \/>\n<meta name=\"twitter:card\" content=\"summary_large_image\" \/>\n<script type=\"application\/ld+json\" class=\"yoast-schema-graph\">{\"@context\":\"https:\\\/\\\/schema.org\",\"@graph\":[{\"@type\":\"WebPage\",\"@id\":\"https:\\\/\\\/uprehrady.penzionyjamai.cz\\\/akce-v-okoli-seznam\\\/\",\"url\":\"https:\\\/\\\/uprehrady.penzionyjamai.cz\\\/akce-v-okoli-seznam\\\/\",\"name\":\"Akce v okol\u00ed - Penzion U P\u0159ehrady\",\"isPartOf\":{\"@id\":\"https:\\\/\\\/uprehrady.penzionyjamai.cz\\\/#website\"},\"primaryImageOfPage\":{\"@id\":\"https:\\\/\\\/uprehrady.penzionyjamai.cz\\\/akce-v-okoli-seznam\\\/#primaryimage\"},\"image\":{\"@id\":\"https:\\\/\\\/uprehrady.penzionyjamai.cz\\\/akce-v-okoli-seznam\\\/#primaryimage\"},\"thumbnailUrl\":\"https:\\\/\\\/uprehrady.penzionyjamai.cz\\\/wp-content\\\/uploads\\\/2022\\\/11\\\/221018_ZL_bannery_ObjevteLuhacovice.png\",\"datePublished\":\"2025-03-13T13:40:36+00:00\",\"dateModified\":\"2025-03-18T13:40:03+00:00\",\"breadcrumb\":{\"@id\":\"https:\\\/\\\/uprehrady.penzionyjamai.cz\\\/akce-v-okoli-seznam\\\/#breadcrumb\"},\"inLanguage\":\"en-GB\",\"potentialAction\":[{\"@type\":\"ReadAction\",\"target\":[\"https:\\\/\\\/uprehrady.penzionyjamai.cz\\\/akce-v-okoli-seznam\\\/\"]}]},{\"@type\":\"ImageObject\",\"inLanguage\":\"en-GB\",\"@id\":\"https:\\\/\\\/uprehrady.penzionyjamai.cz\\\/akce-v-okoli-seznam\\\/#primaryimage\",\"url\":\"https:\\\/\\\/uprehrady.penzionyjamai.cz\\\/wp-content\\\/uploads\\\/2022\\\/11\\\/221018_ZL_bannery_ObjevteLuhacovice.png\",\"contentUrl\":\"https:\\\/\\\/uprehrady.penzionyjamai.cz\\\/wp-content\\\/uploads\\\/2022\\\/11\\\/221018_ZL_bannery_ObjevteLuhacovice.png\",\"width\":800,\"height\":300},{\"@type\":\"BreadcrumbList\",\"@id\":\"https:\\\/\\\/uprehrady.penzionyjamai.cz\\\/akce-v-okoli-seznam\\\/#breadcrumb\",\"itemListElement\":[{\"@type\":\"ListItem\",\"position\":1,\"name\":\"Dom\u016f\",\"item\":\"https:\\\/\\\/uprehrady.penzionyjamai.cz\\\/\"},{\"@type\":\"ListItem\",\"position\":2,\"name\":\"Akce v okol\u00ed\"}]},{\"@type\":\"WebSite\",\"@id\":\"https:\\\/\\\/uprehrady.penzionyjamai.cz\\\/#website\",\"url\":\"https:\\\/\\\/uprehrady.penzionyjamai.cz\\\/\",\"name\":\"Penzion U P\u0159ehrady v Luha\u010dovic\u00edch\",\"description\":\"\",\"publisher\":{\"@id\":\"https:\\\/\\\/uprehrady.penzionyjamai.cz\\\/#organization\"},\"potentialAction\":[{\"@type\":\"SearchAction\",\"target\":{\"@type\":\"EntryPoint\",\"urlTemplate\":\"https:\\\/\\\/uprehrady.penzionyjamai.cz\\\/?s={search_term_string}\"},\"query-input\":{\"@type\":\"PropertyValueSpecification\",\"valueRequired\":true,\"valueName\":\"search_term_string\"}}],\"inLanguage\":\"en-GB\"},{\"@type\":\"Organization\",\"@id\":\"https:\\\/\\\/uprehrady.penzionyjamai.cz\\\/#organization\",\"name\":\"Penzion U P\u0159ehrady\",\"url\":\"https:\\\/\\\/uprehrady.penzionyjamai.cz\\\/\",\"logo\":{\"@type\":\"ImageObject\",\"inLanguage\":\"en-GB\",\"@id\":\"https:\\\/\\\/uprehrady.penzionyjamai.cz\\\/#\\\/schema\\\/logo\\\/image\\\/\",\"url\":\"https:\\\/\\\/uprehrady.penzionyjamai.cz\\\/wp-content\\\/uploads\\\/2025\\\/10\\\/penziony_u_prehrady_logo_nad_sebou.svg\",\"contentUrl\":\"https:\\\/\\\/uprehrady.penzionyjamai.cz\\\/wp-content\\\/uploads\\\/2025\\\/10\\\/penziony_u_prehrady_logo_nad_sebou.svg\",\"width\":\"1024\",\"height\":\"1024\",\"caption\":\"Penzion U P\u0159ehrady\"},\"image\":{\"@id\":\"https:\\\/\\\/uprehrady.penzionyjamai.cz\\\/#\\\/schema\\\/logo\\\/image\\\/\"},\"sameAs\":[\"https:\\\/\\\/www.facebook.com\\\/penzionuprehrady\",\"https:\\\/\\\/www.instagram.com\\\/penzion_u_prehrady\\\/\"]}]}<\/script>\n<!-- \/ Yoast SEO plugin. -->","yoast_head_json":{"title":"Akce v okol\u00ed - Penzion U P\u0159ehrady","robots":{"index":"index","follow":"follow","max-snippet":"max-snippet:-1","max-image-preview":"max-image-preview:large","max-video-preview":"max-video-preview:-1"},"canonical":"https:\/\/uprehrady.penzionyjamai.cz\/en\/akce-v-okoli-seznam\/","og_locale":"en_GB","og_type":"article","og_title":"Akce v okol\u00ed - Penzion U P\u0159ehrady","og_url":"https:\/\/uprehrady.penzionyjamai.cz\/en\/akce-v-okoli-seznam\/","og_site_name":"Penzion U P\u0159ehrady","article_publisher":"https:\/\/www.facebook.com\/penzionuprehrady","article_modified_time":"2025-03-18T13:40:03+00:00","og_image":[{"width":800,"height":300,"url":"https:\/\/uprehrady.penzionyjamai.cz\/wp-content\/uploads\/2022\/11\/221018_ZL_bannery_ObjevteLuhacovice.png","type":"image\/png"}],"twitter_card":"summary_large_image","schema":{"@context":"https:\/\/schema.org","@graph":[{"@type":"WebPage","@id":"https:\/\/uprehrady.penzionyjamai.cz\/akce-v-okoli-seznam\/","url":"https:\/\/uprehrady.penzionyjamai.cz\/akce-v-okoli-seznam\/","name":"Akce v okol\u00ed - Penzion U P\u0159ehrady","isPartOf":{"@id":"https:\/\/uprehrady.penzionyjamai.cz\/#website"},"primaryImageOfPage":{"@id":"https:\/\/uprehrady.penzionyjamai.cz\/akce-v-okoli-seznam\/#primaryimage"},"image":{"@id":"https:\/\/uprehrady.penzionyjamai.cz\/akce-v-okoli-seznam\/#primaryimage"},"thumbnailUrl":"https:\/\/uprehrady.penzionyjamai.cz\/wp-content\/uploads\/2022\/11\/221018_ZL_bannery_ObjevteLuhacovice.png","datePublished":"2025-03-13T13:40:36+00:00","dateModified":"2025-03-18T13:40:03+00:00","breadcrumb":{"@id":"https:\/\/uprehrady.penzionyjamai.cz\/akce-v-okoli-seznam\/#breadcrumb"},"inLanguage":"en-GB","potentialAction":[{"@type":"ReadAction","target":["https:\/\/uprehrady.penzionyjamai.cz\/akce-v-okoli-seznam\/"]}]},{"@type":"ImageObject","inLanguage":"en-GB","@id":"https:\/\/uprehrady.penzionyjamai.cz\/akce-v-okoli-seznam\/#primaryimage","url":"https:\/\/uprehrady.penzionyjamai.cz\/wp-content\/uploads\/2022\/11\/221018_ZL_bannery_ObjevteLuhacovice.png","contentUrl":"https:\/\/uprehrady.penzionyjamai.cz\/wp-content\/uploads\/2022\/11\/221018_ZL_bannery_ObjevteLuhacovice.png","width":800,"height":300},{"@type":"BreadcrumbList","@id":"https:\/\/uprehrady.penzionyjamai.cz\/akce-v-okoli-seznam\/#breadcrumb","itemListElement":[{"@type":"ListItem","position":1,"name":"Dom\u016f","item":"https:\/\/uprehrady.penzionyjamai.cz\/"},{"@type":"ListItem","position":2,"name":"Akce v okol\u00ed"}]},{"@type":"WebSite","@id":"https:\/\/uprehrady.penzionyjamai.cz\/#website","url":"https:\/\/uprehrady.penzionyjamai.cz\/","name":"Penzion U P\u0159ehrady v Luha\u010dovic\u00edch","description":"","publisher":{"@id":"https:\/\/uprehrady.penzionyjamai.cz\/#organization"},"potentialAction":[{"@type":"SearchAction","target":{"@type":"EntryPoint","urlTemplate":"https:\/\/uprehrady.penzionyjamai.cz\/?s={search_term_string}"},"query-input":{"@type":"PropertyValueSpecification","valueRequired":true,"valueName":"search_term_string"}}],"inLanguage":"en-GB"},{"@type":"Organization","@id":"https:\/\/uprehrady.penzionyjamai.cz\/#organization","name":"Penzion U P\u0159ehrady","url":"https:\/\/uprehrady.penzionyjamai.cz\/","logo":{"@type":"ImageObject","inLanguage":"en-GB","@id":"https:\/\/uprehrady.penzionyjamai.cz\/#\/schema\/logo\/image\/","url":"https:\/\/uprehrady.penzionyjamai.cz\/wp-content\/uploads\/2025\/10\/penziony_u_prehrady_logo_nad_sebou.svg","contentUrl":"https:\/\/uprehrady.penzionyjamai.cz\/wp-content\/uploads\/2025\/10\/penziony_u_prehrady_logo_nad_sebou.svg","width":"1024","height":"1024","caption":"Penzion U P\u0159ehrady"},"image":{"@id":"https:\/\/uprehrady.penzionyjamai.cz\/#\/schema\/logo\/image\/"},"sameAs":["https:\/\/www.facebook.com\/penzionuprehrady","https:\/\/www.instagram.com\/penzion_u_prehrady\/"]}]}},"uagb_featured_image_src":{"full":["https:\/\/uprehrady.penzionyjamai.cz\/wp-content\/uploads\/2022\/11\/221018_ZL_bannery_ObjevteLuhacovice.png",800,300,false],"thumbnail":["https:\/\/uprehrady.penzionyjamai.cz\/wp-content\/uploads\/2022\/11\/221018_ZL_bannery_ObjevteLuhacovice-150x150.png",150,150,true],"medium":["https:\/\/uprehrady.penzionyjamai.cz\/wp-content\/uploads\/2022\/11\/221018_ZL_bannery_ObjevteLuhacovice-300x113.png",300,113,true],"medium_large":["https:\/\/uprehrady.penzionyjamai.cz\/wp-content\/uploads\/2022\/11\/221018_ZL_bannery_ObjevteLuhacovice-768x288.png",768,288,true],"large":["https:\/\/uprehrady.penzionyjamai.cz\/wp-content\/uploads\/2022\/11\/221018_ZL_bannery_ObjevteLuhacovice.png",800,300,false],"1536x1536":["https:\/\/uprehrady.penzionyjamai.cz\/wp-content\/uploads\/2022\/11\/221018_ZL_bannery_ObjevteLuhacovice.png",800,300,false],"2048x2048":["https:\/\/uprehrady.penzionyjamai.cz\/wp-content\/uploads\/2022\/11\/221018_ZL_bannery_ObjevteLuhacovice.png",800,300,false],"trp-custom-language-flag":["https:\/\/uprehrady.penzionyjamai.cz\/wp-content\/uploads\/2022\/11\/221018_ZL_bannery_ObjevteLuhacovice.png",18,7,false]},"uagb_author_info":{"display_name":"admin","author_link":"https:\/\/uprehrady.penzionyjamai.cz\/en\/author\/admin\/"},"uagb_comment_info":0,"uagb_excerpt":null,"_links":{"self":[{"href":"https:\/\/uprehrady.penzionyjamai.cz\/en\/wp-json\/wp\/v2\/pages\/1439","targetHints":{"allow":["GET"]}}],"collection":[{"href":"https:\/\/uprehrady.penzionyjamai.cz\/en\/wp-json\/wp\/v2\/pages"}],"about":[{"href":"https:\/\/uprehrady.penzionyjamai.cz\/en\/wp-json\/wp\/v2\/types\/page"}],"author":[{"embeddable":true,"href":"https:\/\/uprehrady.penzionyjamai.cz\/en\/wp-json\/wp\/v2\/users\/1"}],"replies":[{"embeddable":true,"href":"https:\/\/uprehrady.penzionyjamai.cz\/en\/wp-json\/wp\/v2\/comments?post=1439"}],"version-history":[{"count":2,"href":"https:\/\/uprehrady.penzionyjamai.cz\/en\/wp-json\/wp\/v2\/pages\/1439\/revisions"}],"predecessor-version":[{"id":1444,"href":"https:\/\/uprehrady.penzionyjamai.cz\/en\/wp-json\/wp\/v2\/pages\/1439\/revisions\/1444"}],"wp:featuredmedia":[{"embeddable":true,"href":"https:\/\/uprehrady.penzionyjamai.cz\/en\/wp-json\/wp\/v2\/media\/896"}],"wp:attachment":[{"href":"https:\/\/uprehrady.penzionyjamai.cz\/en\/wp-json\/wp\/v2\/media?parent=1439"}],"curies":[{"name":"wp","href":"https:\/\/api.w.org\/{rel}","templated":true}]}}