{"id":120,"date":"2021-02-13T09:07:00","date_gmt":"2021-02-13T08:07:00","guid":{"rendered":"https:\/\/uprehrady.penzionyjamai.cz\/?page_id=120"},"modified":"2025-10-21T12:31:58","modified_gmt":"2025-10-21T10:31:58","slug":"o-penzionu","status":"publish","type":"page","link":"https:\/\/uprehrady.penzionyjamai.cz\/en\/","title":{"rendered":"About the guesthouse"},"content":{"rendered":"<div data-aos= \"fade-up\" data-aos-duration=\"400\" data-aos-delay=\"0\" data-aos-easing=\"ease\" data-aos-once=\"true\" class=\"wp-block-uagb-container uagb-block-ba9bfe6a alignfull uagb-is-root-container\"><div class=\"uagb-container-inner-blocks-wrap\">\n<p class=\"has-text-align-center\">Penzion U P\u0159ehrady se nach\u00e1z\u00ed v t\u011bsn\u00e9 bl\u00edzkosti Luha\u010dovick\u00e9 p\u0159ehrady, kterou budete m\u00edt doslova na dosah. Le\u017e\u00ed na \u00fapat\u00ed CHKO B\u00edl\u00e9 Karpaty a najdete ho pouh\u00e9 3 km od l\u00e1ze\u0148sk\u00e9ho m\u011bsta Luha\u010dovice. Dal\u0161\u00ed d\u016fle\u017eitou skute\u010dnost\u00ed je, \u017ee se nach\u00e1z\u00ed v n\u00e1rodopisn\u00e9 oblasti Luha\u010dovick\u00e9ho Z\u00e1les\u00ed le\u017e\u00edc\u00ed na pomez\u00ed region\u016f Vala\u0161ska a Slov\u00e1cka. Zdej\u0161\u00ed oblast a penzion nab\u00edz\u00ed z\u00e1bavu pro rodiny s&nbsp;d\u011btmi, turisty, cyklisty, p\u0159\u00e1tele a p\u00e1ry. Krom\u011b sportovn\u00edch aktivit se m\u016f\u017eete ubytovat za \u00fa\u010delem firemn\u00edch akc\u00ed nebo pohodov\u00e9ho odpo\u010dinku s wellness.<\/p>\n\n\n\n<p class=\"has-text-align-center translation-block\">The operation of the guesthouse falls under the company JAMAI CAFE s.r.o., which is situated in Uhersk\u00fd Brod. The company sells freshly roasted coffee, which it imports in its raw state from all over the world and then roasts. The main activity of the company is the sale of coffee beans to offices and companies. The coffee is also available in four Jamai caf\u00e9s in the Zl\u00edn region and on the <a rel=\"noreferrer noopener\" href=\"https:\/\/jamai.cafe\/\" data-type=\"URL\" data-id=\"https:\/\/jamai.cafe\/\" target=\"_blank\">e-shop<\/a>. Since the company's headquarters and its caf\u00e9s are located in the Slov\u00e1cko region, a region known for its traditions, folklore, dulcimer, slivovitz and premium wine, the company tries to support local traditions and tourism development.<\/p>\n\n\n\n<p class=\"has-text-align-center\">In 2020\/2021, the building underwent extensive renovation with the construction of a caf\u00e9, and in 2023 a new wellness centre was built and opened directly in the guesthouse.<\/p>\n\n\n\n<p class=\"has-text-align-center has-x-large-font-size\">. . .<\/p>\n\n\n\n<p class=\"has-text-align-center\">Obdarujte sv\u00e9 bl\u00edzk\u00e9 a nechte si od n\u00e1s vytvo\u0159it <strong>d\u00e1rkov\u00fd poukaz<\/strong> na libovolnou hodnotu.<\/p>\n<\/div><\/div>\n\n\n\n<div data-aos= \"fade-up\" data-aos-duration=\"400\" data-aos-delay=\"0\" data-aos-easing=\"ease\" data-aos-once=\"true\" class=\"wp-block-uagb-container uagb-block-13f2a8d0 alignfull uagb-is-root-container\">\n<div class=\"wp-block-penzionyjamai-blocks-square square-container\"><a href=\"https:\/\/uprehrady.penzionyjamai.cz\/en\/ubytovani\/\"><div class=\"square\" style=\"background-image:url(https:\/\/uprehrady.penzionyjamai.cz\/wp-content\/uploads\/2021\/01\/9d1bdd4f-fe9f-4f50-b4c7-3a42b2db2322.jpg)\"><div class=\"overlay\"><div class=\"square-text\">Accommodation<\/div><\/div><\/div><\/a><\/div>\n\n\n\n<div class=\"wp-block-penzionyjamai-blocks-square square-container\"><a href=\"https:\/\/uprehrady.penzionyjamai.cz\/en\/wellness\/\"><div class=\"square\" style=\"background-image:url(https:\/\/uprehrady.penzionyjamai.cz\/wp-content\/uploads\/2021\/05\/wellness.jpg)\"><div class=\"overlay\"><div class=\"square-text\">Wellness and caf\u00e9<\/div><\/div><\/div><\/a><\/div>\n\n\n\n<div class=\"wp-block-penzionyjamai-blocks-square square-container\"><a href=\"https:\/\/uprehrady.penzionyjamai.cz\/en\/kam-na-vylet\/\"><div class=\"square\" style=\"background-image:url(https:\/\/uprehrady.penzionyjamai.cz\/wp-content\/uploads\/2021\/05\/kam_na_vylet.jpg)\"><div class=\"overlay\"><div class=\"square-text\">Trip tips<\/div><\/div><\/div><\/a><\/div>\n\n\n\n<div class=\"wp-block-penzionyjamai-blocks-square square-container\"><a href=\"https:\/\/uprehrady.penzionyjamai.cz\/en\/fotogalerie\/\"><div class=\"square\" style=\"background-image:url(https:\/\/uprehrady.penzionyjamai.cz\/wp-content\/uploads\/2021\/01\/053d78b2-ff66-4ba1-ba0d-aea0bfd9e29c.jpg)\"><div class=\"overlay\"><div class=\"square-text\">Photo gallery<\/div><\/div><\/div><\/a><\/div>\n\n\n\n<div class=\"wp-block-penzionyjamai-blocks-square square-container\"><a href=\"https:\/\/uprehrady.penzionyjamai.cz\/en\/rezervace\/\"><div class=\"square\" style=\"background-image:url(https:\/\/uprehrady.penzionyjamai.cz\/wp-content\/uploads\/2021\/01\/rezervace.jpg)\"><div class=\"overlay\"><div class=\"square-text\">Reservation<\/div><\/div><\/div><\/a><\/div>\n\n\n\n<div class=\"wp-block-penzionyjamai-blocks-square square-container\"><a href=\"https:\/\/uprehrady.penzionyjamai.cz\/en\/kontakty\/\"><div class=\"square\" style=\"background-image:url(https:\/\/uprehrady.penzionyjamai.cz\/wp-content\/uploads\/2021\/05\/kontakt.jpg)\"><div class=\"overlay\"><div class=\"square-text\">Contact<\/div><\/div><\/div><\/a><\/div>\n<\/div>\n\n\n\n<div data-aos= \"fade-up\" data-aos-duration=\"400\" data-aos-delay=\"0\" data-aos-easing=\"ease\" data-aos-once=\"true\" class=\"wp-block-uagb-container uagb-block-6aab6bfb alignfull uagb-is-root-container\">\n<script src=\"https:\/\/polyfill.io\/v3\/polyfill.min.js?features=default\"><\/script>\n\t<script>\n\t\t\/\/ The following example creates complex markers to indicate beaches near\n\t\t\/\/ Sydney, NSW, Australia. Note that the anchor is set to (0,32) to correspond\n\t\t\/\/ to the base of the flagpole.\n\t\tfunction initMap() {\n\t\t\tconst map = new google.maps.Map(document.getElementById(\"map\"), {\n\t\t\t\tzoom: 13,\n\t\t\t\tcenter: {\n\t\t\t\t\tlat: 49.123731002528835,\n\t\t\t\t\tlng: 17.774728854595423\n\t\t\t\t}\n\t\t\t});\n\t\t\tsetMarkers(map);\n\t\t}\n\t\t\/\/ Data for the markers consisting of a name, a LatLng and a zIndex for the\n\t\t\/\/ order in which these markers should display on top of each other.\n\n\t\tfunction setMarkers(map) {\n\t\t\t\/\/ Adds markers to the map.\n\t\t\t\/\/ Marker sizes are expressed as a Size of X,Y where the origin of the image\n\t\t\t\/\/ (0,0) is located in the top left of the image.\n\t\t\t\/\/ Origins, anchor positions and coordinates of the marker increase in the X\n\t\t\t\/\/ direction to the right and in the Y direction down.\n\t\t\tconst image1 = {\n\t\t\t\turl: \"\/wp-content\/themes\/penzionyjamai\/img\/logo_penzion_u_prehrady_map.png\",\n\t\t\t\t\/\/ This marker is 20 pixels wide by 32 pixels high.\n\t\t\t\tsize: new google.maps.Size(110, 65),\n\t\t\t\t\/\/ The origin for this image is (0, 0).\n\t\t\t\torigin: new google.maps.Point(0, 0),\n\t\t\t\t\/\/ The anchor for this image is the base of the flagpole at (0, 32).\n\t\t\t\tanchor: new google.maps.Point(0, 65),\n\t\t\t};\n\n\t\t\tnew google.maps.Marker({\n\t\t\t\tposition: {\n\t\t\t\t\tlat: 49.123731002528835,\n\t\t\t\t\tlng: 17.774728854595423\n\t\t\t\t},\n\t\t\t\tmap,\n\t\t\t\ticon: image1,\n\t\t\t\ttitle: \"Penzion U p\u0159ehrady\",\n\t\t\t\tzIndex: 2\n\t\t\t});\n\n\t\t}\n\t<\/script>\n\n\t<div id=\"map\"><\/div>\n\t<script src=\"https:\/\/maps.googleapis.com\/maps\/api\/js?key=AIzaSyAyrcgbfxcVV98dy4HbMdovqk_p13PMHpE&#038;callback=initMap&#038;libraries=&#038;v=weekly\" async><\/script>\n<\/div>\n\n\n\n<div class=\"wp-block-uagb-container uagb-block-683c89ba alignfull uagb-is-root-container\"><div class=\"uagb-container-inner-blocks-wrap\">\n<div data-aos= \"fade-up\" data-aos-duration=\"400\" data-aos-delay=\"0\" data-aos-easing=\"ease\" data-aos-once=\"true\" class=\"wp-block-uagb-container uagb-block-c4509c4d alignfull uagb-is-root-container\"><div class=\"uagb-container-inner-blocks-wrap\">\n<h2 class=\"wp-block-heading has-text-align-center has-text-color has-link-color wp-elements-5a579d6e959374f0eff8cfeb1b00df8a\" style=\"color:#154069\">Partners<\/h2>\n\n\n\n<div class=\"wp-block-uagb-container uagb-layout-grid uagb-block-375303b0\"><div class=\"wp-block-image\">\n<figure class=\"aligncenter size-medium is-resized\"><a href=\"https:\/\/aratec.cz\/\" target=\"_blank\" rel=\"noreferrer noopener\"><img loading=\"lazy\" decoding=\"async\" width=\"83\" height=\"31\" src=\"https:\/\/uprehrady.penzionyjamai.cz\/wp-content\/uploads\/2024\/12\/logo-aratec.svg\" alt=\"\" class=\"wp-image-1327\" style=\"width:180px\"\/><\/a><\/figure>\n<\/div>\n\n<div class=\"wp-block-image\">\n<figure class=\"aligncenter size-large is-resized\"><a href=\"https:\/\/jamai.cafe\" target=\"_blank\" rel=\"noreferrer noopener\"><img loading=\"lazy\" decoding=\"async\" width=\"62\" height=\"31\" src=\"https:\/\/uprehrady.penzionyjamai.cz\/wp-content\/uploads\/2024\/12\/logo-jamai-cafe.svg\" alt=\"\" class=\"wp-image-1329\" style=\"width:180px\"\/><\/a><\/figure>\n<\/div>\n\n<div class=\"wp-block-image\">\n<figure class=\"aligncenter size-large is-resized\"><a href=\"https:\/\/penzionyjamai.cz\/\" target=\"_blank\" rel=\"noreferrer noopener\"><img loading=\"lazy\" decoding=\"async\" width=\"62\" height=\"25\" src=\"https:\/\/uprehrady.penzionyjamai.cz\/wp-content\/uploads\/2024\/12\/logo-jamai-penziony.svg\" alt=\"\" class=\"wp-image-1328\" style=\"width:180px\"\/><\/a><\/figure>\n<\/div>\n\n<div class=\"wp-block-image\">\n<figure class=\"aligncenter size-full is-resized\"><a href=\"https:\/\/www.zlinsko-luhacovicko.cz\/\" target=\"_blank\" rel=\"noreferrer noopener\"><img decoding=\"async\" src=\"https:\/\/uprehrady.penzionyjamai.cz\/wp-content\/uploads\/2024\/10\/logo_zlinsko_luhacovicko.jpg\" alt=\"\" style=\"width:180px\"\/><\/a><\/figure>\n<\/div><\/div>\n<\/div><\/div>\n<\/div><\/div>","protected":false},"excerpt":{"rendered":"<p>Penzion U P\u0159ehrady se nach\u00e1z\u00ed v t\u011bsn\u00e9 bl\u00edzkosti Luha\u010dovick\u00e9 p\u0159ehrady, kterou budete m\u00edt doslova na dosah. Le\u017e\u00ed na \u00fapat\u00ed CHKO B\u00edl\u00e9 Karpaty a najdete ho pouh\u00e9 3 km od l\u00e1ze\u0148sk\u00e9ho m\u011bsta Luha\u010dovice. Dal\u0161\u00ed d\u016fle\u017eitou skute\u010dnost\u00ed je, \u017ee se nach\u00e1z\u00ed v n\u00e1rodopisn\u00e9 oblasti Luha\u010dovick\u00e9ho Z\u00e1les\u00ed le\u017e\u00edc\u00ed na pomez\u00ed region\u016f Vala\u0161ska a Slov\u00e1cka. Zdej\u0161\u00ed oblast a penzion [&hellip;]<\/p>\n","protected":false},"author":1,"featured_media":750,"parent":0,"menu_order":0,"comment_status":"closed","ping_status":"closed","template":"","meta":{"inline_featured_image":false,"_uag_custom_page_level_css":"","footnotes":""},"class_list":["post-120","page","type-page","status-publish","has-post-thumbnail","hentry"],"yoast_head":"<!-- This site is optimized with the Yoast SEO plugin v27.3 - https:\/\/yoast.com\/product\/yoast-seo-wordpress\/ -->\n<title>Penzion U P\u0159ehrady v Luha\u010dovic\u00edch<\/title>\n<meta name=\"description\" content=\"Ubytov\u00e1n\u00ed u p\u0159ehrady s wellness. Spojte odpo\u010dinek v B\u00edl\u00fdch Karpatech s chut\u00ed k\u00e1vy Jamai.\" \/>\n<meta name=\"robots\" content=\"index, follow, max-snippet:-1, max-image-preview:large, max-video-preview:-1\" \/>\n<link rel=\"canonical\" href=\"https:\/\/uprehrady.penzionyjamai.cz\/en\/\" \/>\n<meta property=\"og:locale\" content=\"en_GB\" \/>\n<meta property=\"og:type\" content=\"article\" \/>\n<meta property=\"og:title\" content=\"Penzion U P\u0159ehrady v Luha\u010dovic\u00edch\" \/>\n<meta property=\"og:description\" content=\"Ubytov\u00e1n\u00ed u p\u0159ehrady s wellness. Spojte odpo\u010dinek v B\u00edl\u00fdch Karpatech s chut\u00ed k\u00e1vy Jamai.\" \/>\n<meta property=\"og:url\" content=\"https:\/\/uprehrady.penzionyjamai.cz\/en\/\" \/>\n<meta property=\"og:site_name\" content=\"Penzion U P\u0159ehrady\" \/>\n<meta property=\"article:publisher\" content=\"https:\/\/www.facebook.com\/penzionuprehrady\" \/>\n<meta property=\"article:modified_time\" content=\"2025-10-21T10:31:58+00:00\" \/>\n<meta property=\"og:image\" content=\"https:\/\/uprehrady.penzionyjamai.cz\/wp-content\/uploads\/2022\/04\/Pattern_Prehrada_web-2.png\" \/>\n\t<meta property=\"og:image:width\" content=\"380\" \/>\n\t<meta property=\"og:image:height\" content=\"190\" \/>\n\t<meta property=\"og:image:type\" content=\"image\/png\" \/>\n<meta name=\"twitter:card\" content=\"summary_large_image\" \/>\n<meta name=\"twitter:label1\" content=\"Estimated reading time\" \/>\n\t<meta name=\"twitter:data1\" content=\"3 minutes\" \/>\n<script type=\"application\/ld+json\" class=\"yoast-schema-graph\">{\"@context\":\"https:\\\/\\\/schema.org\",\"@graph\":[{\"@type\":\"WebPage\",\"@id\":\"https:\\\/\\\/uprehrady.penzionyjamai.cz\\\/\",\"url\":\"https:\\\/\\\/uprehrady.penzionyjamai.cz\\\/\",\"name\":\"Penzion U P\u0159ehrady v Luha\u010dovic\u00edch\",\"isPartOf\":{\"@id\":\"https:\\\/\\\/uprehrady.penzionyjamai.cz\\\/#website\"},\"primaryImageOfPage\":{\"@id\":\"https:\\\/\\\/uprehrady.penzionyjamai.cz\\\/#primaryimage\"},\"image\":{\"@id\":\"https:\\\/\\\/uprehrady.penzionyjamai.cz\\\/#primaryimage\"},\"thumbnailUrl\":\"https:\\\/\\\/uprehrady.penzionyjamai.cz\\\/wp-content\\\/uploads\\\/2022\\\/04\\\/Pattern_Prehrada_web-2.png\",\"datePublished\":\"2021-02-13T08:07:00+00:00\",\"dateModified\":\"2025-10-21T10:31:58+00:00\",\"description\":\"Ubytov\u00e1n\u00ed u p\u0159ehrady s wellness. Spojte odpo\u010dinek v B\u00edl\u00fdch Karpatech s chut\u00ed k\u00e1vy Jamai.\",\"breadcrumb\":{\"@id\":\"https:\\\/\\\/uprehrady.penzionyjamai.cz\\\/#breadcrumb\"},\"inLanguage\":\"en-GB\",\"potentialAction\":[{\"@type\":\"ReadAction\",\"target\":[\"https:\\\/\\\/uprehrady.penzionyjamai.cz\\\/\"]}]},{\"@type\":\"ImageObject\",\"inLanguage\":\"en-GB\",\"@id\":\"https:\\\/\\\/uprehrady.penzionyjamai.cz\\\/#primaryimage\",\"url\":\"https:\\\/\\\/uprehrady.penzionyjamai.cz\\\/wp-content\\\/uploads\\\/2022\\\/04\\\/Pattern_Prehrada_web-2.png\",\"contentUrl\":\"https:\\\/\\\/uprehrady.penzionyjamai.cz\\\/wp-content\\\/uploads\\\/2022\\\/04\\\/Pattern_Prehrada_web-2.png\",\"width\":380,\"height\":190},{\"@type\":\"BreadcrumbList\",\"@id\":\"https:\\\/\\\/uprehrady.penzionyjamai.cz\\\/#breadcrumb\",\"itemListElement\":[{\"@type\":\"ListItem\",\"position\":1,\"name\":\"Dom\u016f\",\"item\":\"https:\\\/\\\/uprehrady.penzionyjamai.cz\\\/\"},{\"@type\":\"ListItem\",\"position\":2,\"name\":\"O penzionu\"}]},{\"@type\":\"WebSite\",\"@id\":\"https:\\\/\\\/uprehrady.penzionyjamai.cz\\\/#website\",\"url\":\"https:\\\/\\\/uprehrady.penzionyjamai.cz\\\/\",\"name\":\"Penzion U P\u0159ehrady v Luha\u010dovic\u00edch\",\"description\":\"\",\"publisher\":{\"@id\":\"https:\\\/\\\/uprehrady.penzionyjamai.cz\\\/#organization\"},\"potentialAction\":[{\"@type\":\"SearchAction\",\"target\":{\"@type\":\"EntryPoint\",\"urlTemplate\":\"https:\\\/\\\/uprehrady.penzionyjamai.cz\\\/?s={search_term_string}\"},\"query-input\":{\"@type\":\"PropertyValueSpecification\",\"valueRequired\":true,\"valueName\":\"search_term_string\"}}],\"inLanguage\":\"en-GB\"},{\"@type\":\"Organization\",\"@id\":\"https:\\\/\\\/uprehrady.penzionyjamai.cz\\\/#organization\",\"name\":\"Penzion U P\u0159ehrady\",\"url\":\"https:\\\/\\\/uprehrady.penzionyjamai.cz\\\/\",\"logo\":{\"@type\":\"ImageObject\",\"inLanguage\":\"en-GB\",\"@id\":\"https:\\\/\\\/uprehrady.penzionyjamai.cz\\\/#\\\/schema\\\/logo\\\/image\\\/\",\"url\":\"https:\\\/\\\/uprehrady.penzionyjamai.cz\\\/wp-content\\\/uploads\\\/2025\\\/10\\\/penziony_u_prehrady_logo_nad_sebou.svg\",\"contentUrl\":\"https:\\\/\\\/uprehrady.penzionyjamai.cz\\\/wp-content\\\/uploads\\\/2025\\\/10\\\/penziony_u_prehrady_logo_nad_sebou.svg\",\"width\":\"1024\",\"height\":\"1024\",\"caption\":\"Penzion U P\u0159ehrady\"},\"image\":{\"@id\":\"https:\\\/\\\/uprehrady.penzionyjamai.cz\\\/#\\\/schema\\\/logo\\\/image\\\/\"},\"sameAs\":[\"https:\\\/\\\/www.facebook.com\\\/penzionuprehrady\",\"https:\\\/\\\/www.instagram.com\\\/penzion_u_prehrady\\\/\"]}]}<\/script>\n<!-- \/ Yoast SEO plugin. -->","yoast_head_json":{"title":"Penzion U P\u0159ehrady v Luha\u010dovic\u00edch","description":"Ubytov\u00e1n\u00ed u p\u0159ehrady s wellness. Spojte odpo\u010dinek v B\u00edl\u00fdch Karpatech s chut\u00ed k\u00e1vy Jamai.","robots":{"index":"index","follow":"follow","max-snippet":"max-snippet:-1","max-image-preview":"max-image-preview:large","max-video-preview":"max-video-preview:-1"},"canonical":"https:\/\/uprehrady.penzionyjamai.cz\/en\/","og_locale":"en_GB","og_type":"article","og_title":"Penzion U P\u0159ehrady v Luha\u010dovic\u00edch","og_description":"Ubytov\u00e1n\u00ed u p\u0159ehrady s wellness. Spojte odpo\u010dinek v B\u00edl\u00fdch Karpatech s chut\u00ed k\u00e1vy Jamai.","og_url":"https:\/\/uprehrady.penzionyjamai.cz\/en\/","og_site_name":"Penzion U P\u0159ehrady","article_publisher":"https:\/\/www.facebook.com\/penzionuprehrady","article_modified_time":"2025-10-21T10:31:58+00:00","og_image":[{"width":380,"height":190,"url":"https:\/\/uprehrady.penzionyjamai.cz\/wp-content\/uploads\/2022\/04\/Pattern_Prehrada_web-2.png","type":"image\/png"}],"twitter_card":"summary_large_image","twitter_misc":{"Estimated reading time":"3 minutes"},"schema":{"@context":"https:\/\/schema.org","@graph":[{"@type":"WebPage","@id":"https:\/\/uprehrady.penzionyjamai.cz\/","url":"https:\/\/uprehrady.penzionyjamai.cz\/","name":"Penzion U P\u0159ehrady v Luha\u010dovic\u00edch","isPartOf":{"@id":"https:\/\/uprehrady.penzionyjamai.cz\/#website"},"primaryImageOfPage":{"@id":"https:\/\/uprehrady.penzionyjamai.cz\/#primaryimage"},"image":{"@id":"https:\/\/uprehrady.penzionyjamai.cz\/#primaryimage"},"thumbnailUrl":"https:\/\/uprehrady.penzionyjamai.cz\/wp-content\/uploads\/2022\/04\/Pattern_Prehrada_web-2.png","datePublished":"2021-02-13T08:07:00+00:00","dateModified":"2025-10-21T10:31:58+00:00","description":"Ubytov\u00e1n\u00ed u p\u0159ehrady s wellness. Spojte odpo\u010dinek v B\u00edl\u00fdch Karpatech s chut\u00ed k\u00e1vy Jamai.","breadcrumb":{"@id":"https:\/\/uprehrady.penzionyjamai.cz\/#breadcrumb"},"inLanguage":"en-GB","potentialAction":[{"@type":"ReadAction","target":["https:\/\/uprehrady.penzionyjamai.cz\/"]}]},{"@type":"ImageObject","inLanguage":"en-GB","@id":"https:\/\/uprehrady.penzionyjamai.cz\/#primaryimage","url":"https:\/\/uprehrady.penzionyjamai.cz\/wp-content\/uploads\/2022\/04\/Pattern_Prehrada_web-2.png","contentUrl":"https:\/\/uprehrady.penzionyjamai.cz\/wp-content\/uploads\/2022\/04\/Pattern_Prehrada_web-2.png","width":380,"height":190},{"@type":"BreadcrumbList","@id":"https:\/\/uprehrady.penzionyjamai.cz\/#breadcrumb","itemListElement":[{"@type":"ListItem","position":1,"name":"Dom\u016f","item":"https:\/\/uprehrady.penzionyjamai.cz\/"},{"@type":"ListItem","position":2,"name":"O penzionu"}]},{"@type":"WebSite","@id":"https:\/\/uprehrady.penzionyjamai.cz\/#website","url":"https:\/\/uprehrady.penzionyjamai.cz\/","name":"Penzion U P\u0159ehrady v Luha\u010dovic\u00edch","description":"","publisher":{"@id":"https:\/\/uprehrady.penzionyjamai.cz\/#organization"},"potentialAction":[{"@type":"SearchAction","target":{"@type":"EntryPoint","urlTemplate":"https:\/\/uprehrady.penzionyjamai.cz\/?s={search_term_string}"},"query-input":{"@type":"PropertyValueSpecification","valueRequired":true,"valueName":"search_term_string"}}],"inLanguage":"en-GB"},{"@type":"Organization","@id":"https:\/\/uprehrady.penzionyjamai.cz\/#organization","name":"Penzion U P\u0159ehrady","url":"https:\/\/uprehrady.penzionyjamai.cz\/","logo":{"@type":"ImageObject","inLanguage":"en-GB","@id":"https:\/\/uprehrady.penzionyjamai.cz\/#\/schema\/logo\/image\/","url":"https:\/\/uprehrady.penzionyjamai.cz\/wp-content\/uploads\/2025\/10\/penziony_u_prehrady_logo_nad_sebou.svg","contentUrl":"https:\/\/uprehrady.penzionyjamai.cz\/wp-content\/uploads\/2025\/10\/penziony_u_prehrady_logo_nad_sebou.svg","width":"1024","height":"1024","caption":"Penzion U P\u0159ehrady"},"image":{"@id":"https:\/\/uprehrady.penzionyjamai.cz\/#\/schema\/logo\/image\/"},"sameAs":["https:\/\/www.facebook.com\/penzionuprehrady","https:\/\/www.instagram.com\/penzion_u_prehrady\/"]}]}},"uagb_featured_image_src":{"full":["https:\/\/uprehrady.penzionyjamai.cz\/wp-content\/uploads\/2022\/04\/Pattern_Prehrada_web-2.png",380,190,false],"thumbnail":["https:\/\/uprehrady.penzionyjamai.cz\/wp-content\/uploads\/2022\/04\/Pattern_Prehrada_web-2-150x150.png",150,150,true],"medium":["https:\/\/uprehrady.penzionyjamai.cz\/wp-content\/uploads\/2022\/04\/Pattern_Prehrada_web-2-300x150.png",300,150,true],"medium_large":["https:\/\/uprehrady.penzionyjamai.cz\/wp-content\/uploads\/2022\/04\/Pattern_Prehrada_web-2.png",380,190,false],"large":["https:\/\/uprehrady.penzionyjamai.cz\/wp-content\/uploads\/2022\/04\/Pattern_Prehrada_web-2.png",380,190,false],"1536x1536":["https:\/\/uprehrady.penzionyjamai.cz\/wp-content\/uploads\/2022\/04\/Pattern_Prehrada_web-2.png",380,190,false],"2048x2048":["https:\/\/uprehrady.penzionyjamai.cz\/wp-content\/uploads\/2022\/04\/Pattern_Prehrada_web-2.png",380,190,false],"trp-custom-language-flag":["https:\/\/uprehrady.penzionyjamai.cz\/wp-content\/uploads\/2022\/04\/Pattern_Prehrada_web-2.png",18,9,false]},"uagb_author_info":{"display_name":"admin","author_link":"https:\/\/uprehrady.penzionyjamai.cz\/en\/author\/admin\/"},"uagb_comment_info":0,"uagb_excerpt":"Penzion U P\u0159ehrady se nach\u00e1z\u00ed v t\u011bsn\u00e9 bl\u00edzkosti Luha\u010dovick\u00e9 p\u0159ehrady, kterou budete m\u00edt doslova na dosah. Le\u017e\u00ed na \u00fapat\u00ed CHKO B\u00edl\u00e9 Karpaty a najdete ho pouh\u00e9 3 km od l\u00e1ze\u0148sk\u00e9ho m\u011bsta Luha\u010dovice. Dal\u0161\u00ed d\u016fle\u017eitou skute\u010dnost\u00ed je, \u017ee se nach\u00e1z\u00ed v n\u00e1rodopisn\u00e9 oblasti Luha\u010dovick\u00e9ho Z\u00e1les\u00ed le\u017e\u00edc\u00ed na pomez\u00ed region\u016f Vala\u0161ska a Slov\u00e1cka. Zdej\u0161\u00ed oblast a penzion&hellip;","_links":{"self":[{"href":"https:\/\/uprehrady.penzionyjamai.cz\/en\/wp-json\/wp\/v2\/pages\/120","targetHints":{"allow":["GET"]}}],"collection":[{"href":"https:\/\/uprehrady.penzionyjamai.cz\/en\/wp-json\/wp\/v2\/pages"}],"about":[{"href":"https:\/\/uprehrady.penzionyjamai.cz\/en\/wp-json\/wp\/v2\/types\/page"}],"author":[{"embeddable":true,"href":"https:\/\/uprehrady.penzionyjamai.cz\/en\/wp-json\/wp\/v2\/users\/1"}],"replies":[{"embeddable":true,"href":"https:\/\/uprehrady.penzionyjamai.cz\/en\/wp-json\/wp\/v2\/comments?post=120"}],"version-history":[{"count":63,"href":"https:\/\/uprehrady.penzionyjamai.cz\/en\/wp-json\/wp\/v2\/pages\/120\/revisions"}],"predecessor-version":[{"id":1476,"href":"https:\/\/uprehrady.penzionyjamai.cz\/en\/wp-json\/wp\/v2\/pages\/120\/revisions\/1476"}],"wp:featuredmedia":[{"embeddable":true,"href":"https:\/\/uprehrady.penzionyjamai.cz\/en\/wp-json\/wp\/v2\/media\/750"}],"wp:attachment":[{"href":"https:\/\/uprehrady.penzionyjamai.cz\/en\/wp-json\/wp\/v2\/media?parent=120"}],"curies":[{"name":"wp","href":"https:\/\/api.w.org\/{rel}","templated":true}]}}